{"id":679,"date":"2025-07-30T18:19:46","date_gmt":"2025-07-30T16:19:46","guid":{"rendered":"https:\/\/surfbiscarrosse.com\/?page_id=679"},"modified":"2025-08-02T11:27:21","modified_gmt":"2025-08-02T09:27:21","slug":"mietbedingungen","status":"publish","type":"page","link":"https:\/\/surfbiscarrosse.com\/de\/mentions-legales\/conditions-de-location\/","title":{"rendered":"Mietbedingungen"},"content":{"rendered":"<style>.kb-row-layout-id679_cd8b3b-6a > .kt-row-column-wrap{align-content:start;}:where(.kb-row-layout-id679_cd8b3b-6a > .kt-row-column-wrap) > .wp-block-kadence-column{justify-content:start;}.kb-row-layout-id679_cd8b3b-6a > .kt-row-column-wrap{column-gap:var(--global-kb-gap-md, 2rem);row-gap:var(--global-kb-gap-md, 2rem);max-width:var( --global-content-width, 1250px );padding-left:var(--global-content-edge-padding);padding-right:var(--global-content-edge-padding);padding-top:var(--global-kb-spacing-sm, 1.5rem);padding-bottom:var(--global-kb-spacing-sm, 1.5rem);}.kb-row-layout-id679_cd8b3b-6a > .kt-row-column-wrap > div:not(.added-for-specificity){grid-column:initial;}.kb-row-layout-id679_cd8b3b-6a > .kt-row-column-wrap{grid-template-columns:minmax(0, 1fr) minmax(0, 3fr) minmax(0, 1fr);}.kb-row-layout-id679_cd8b3b-6a > .kt-row-layout-overlay{opacity:0.30;}@media all and (max-width: 1024px){.kb-row-layout-id679_cd8b3b-6a > .kt-row-column-wrap > div:not(.added-for-specificity){grid-column:initial;}}@media all and (max-width: 1024px){.kb-row-layout-id679_cd8b3b-6a > .kt-row-column-wrap{grid-template-columns:minmax(0, 1fr) minmax(0, 3fr) minmax(0, 1fr);}}@media all and (max-width: 767px){.kb-row-layout-id679_cd8b3b-6a > .kt-row-column-wrap > div:not(.added-for-specificity){grid-column:initial;}.kb-row-layout-id679_cd8b3b-6a > .kt-row-column-wrap{grid-template-columns:minmax(0, 1fr);}}<\/style><div class=\"kb-row-layout-wrap kb-row-layout-id679_cd8b3b-6a alignnone wp-block-kadence-rowlayout\"><div class=\"kt-row-column-wrap kt-has-3-columns kt-row-layout-center-wide kt-tab-layout-inherit kt-mobile-layout-row kt-row-valign-top kb-theme-content-width\">\n<style>.kadence-column679_565b4f-2a > .kt-inside-inner-col,.kadence-column679_565b4f-2a > .kt-inside-inner-col:before{border-top-left-radius:0px;border-top-right-radius:0px;border-bottom-right-radius:0px;border-bottom-left-radius:0px;}.kadence-column679_565b4f-2a > .kt-inside-inner-col{column-gap:var(--global-kb-gap-sm, 1rem);}.kadence-column679_565b4f-2a > .kt-inside-inner-col{flex-direction:column;}.kadence-column679_565b4f-2a > .kt-inside-inner-col > .aligncenter{width:100%;}.kadence-column679_565b4f-2a > .kt-inside-inner-col:before{opacity:0.3;}.kadence-column679_565b4f-2a{position:relative;}@media all and (max-width: 1024px){.kadence-column679_565b4f-2a > .kt-inside-inner-col{flex-direction:column;justify-content:center;}}@media all and (max-width: 767px){.kadence-column679_565b4f-2a > .kt-inside-inner-col{flex-direction:column;justify-content:center;}}<\/style>\n<div class=\"wp-block-kadence-column kadence-column679_565b4f-2a\"><div class=\"kt-inside-inner-col\"><\/div><\/div>\n\n\n<style>.kadence-column679_0236e9-ff > .kt-inside-inner-col,.kadence-column679_0236e9-ff > .kt-inside-inner-col:before{border-top-left-radius:0px;border-top-right-radius:0px;border-bottom-right-radius:0px;border-bottom-left-radius:0px;}.kadence-column679_0236e9-ff > .kt-inside-inner-col{column-gap:var(--global-kb-gap-sm, 1rem);}.kadence-column679_0236e9-ff > .kt-inside-inner-col{flex-direction:column;}.kadence-column679_0236e9-ff > .kt-inside-inner-col > .aligncenter{width:100%;}.kadence-column679_0236e9-ff > .kt-inside-inner-col:before{opacity:0.3;}.kadence-column679_0236e9-ff{position:relative;}@media all and (max-width: 1024px){.kadence-column679_0236e9-ff > .kt-inside-inner-col{flex-direction:column;justify-content:center;}}@media all and (max-width: 767px){.kadence-column679_0236e9-ff > .kt-inside-inner-col{flex-direction:column;justify-content:center;}}<\/style>\n<div class=\"wp-block-kadence-column kadence-column679_0236e9-ff\"><div class=\"kt-inside-inner-col\">\n<h1 class=\"wp-block-heading\">Mietbedingungen<\/h1>\n\n\n\n<h3 class=\"wp-block-heading\">1. Angemessene Nutzung und Eigentum von Materialien<\/h3>\n\n\n\n<p>Der Kunde muss das Material auf geschickte und angemessene Weise f\u00fcr die beabsichtigten Zwecke und in der vom Hersteller empfohlenen Weise verwenden.<br>Der Kunde erkennt an, dass das Material Eigentum von Point Break bleibt. W\u00e4hrend der Mietdauer wird der Kunde das Material nicht verkaufen, vermieten, verpf\u00e4nden, abtreten, \u00fcbertragen oder in irgendeiner Weise aufgeben, die Point Break als Eigent\u00fcmer des Materials beeintr\u00e4chtigen k\u00f6nnte.<br>Der Kunde best\u00e4tigt, dass er sich von der Qualit\u00e4t und der Eignung des Materials f\u00fcr seine Zwecke \u00fcberzeugt hat, als er das Material entgegennahm.<\/p>\n\n\n\n<h3 class=\"wp-block-heading\">2. Kaution<\/h3>\n\n\n\n<p>F\u00fcr jede Langzeitmiete wird ein Identit\u00e4tsnachweis und\/oder ein Kautionsscheck verlangt, je nach ausgeliehenem Material.<\/p>\n\n\n\n<h3 class=\"wp-block-heading\">3. Bruch und Besch\u00e4digung<\/h3>\n\n\n\n<p>Point Break weist seine Kunden auf die Verpflichtung hin, eine angemessene Haftpflichtversicherung abzuschlie\u00dfen.<br>Der Kunde haftet f\u00fcr den Verlust oder die Besch\u00e4digung der Hardware aus jeglichem Grund, au\u00dfer f\u00fcr den Verlust oder die Besch\u00e4digung aufgrund von normalem Verschlei\u00df.<br>Im Falle eines Bruchs oder defekten Materials w\u00e4hrend der Mietdauer wird der Kunde es sofort zur\u00fcckbringen oder Point Break benachrichtigen. Der Kunde wird das Material nicht ohne die vorherige schriftliche Genehmigung von Point Break reparieren oder versuchen zu reparieren oder reparieren lassen.<br>Wenn der Bruch oder Defekt durch normale Abnutzung oder einen Defekt im Material verursacht wurde und nicht durch Missbrauch oder Fahrl\u00e4ssigkeit seitens des Kunden oder einer Person unter seiner Kontrolle verursacht oder herbeigef\u00fchrt wurde, endet die Mietdauer, wenn das Material an Point Break zur\u00fcckgegeben wurde.<br>Point Break haftet unter keinen Umst\u00e4nden f\u00fcr Ausgaben, Sch\u00e4den oder Geldbetr\u00e4ge, die dem Kunden durch Verz\u00f6gerungen, Unannehmlichkeiten oder Sch\u00e4den entstehen (einschlie\u00dflich jeglicher Haftung f\u00fcr Folgesch\u00e4den), die durch Bruch oder Defekte des Materials entstehen, unabh\u00e4ngig davon, ob diese durch normalen Verschlei\u00df, mangelnde Reparatur, Fahrl\u00e4ssigkeit oder aus anderen Gr\u00fcnden verursacht wurden.<\/p>\n\n\n\n<h3 class=\"wp-block-heading\">4. R\u00fcckgabe des Materials<\/h3>\n\n\n\n<p>Der Kunde wird das Material an Point Break an oder vor dem bei der Buchung angegebenen Termin in gutem Zustand, einschlie\u00dflich ordnungsgem\u00e4\u00df gereinigt, zur\u00fcckgeben.<\/p>\n\n\n\n<h3 class=\"wp-block-heading\">5. Sicherheit<\/h3>\n\n\n\n<p>Der Kunde erkennt an, dass es in Bezug auf das Material und seine Nutzung in seiner Verantwortung liegt, alle Ratschl\u00e4ge und Informationen einzuholen, die f\u00fcr die Sicherheit und den ordnungsgem\u00e4\u00dfen Gebrauch des Materials erforderlich sind. Der Kunde \u00fcbernimmt alle Risiken und Verantwortlichkeiten in Bezug auf das Material und f\u00fcr Verletzungen von Personen oder den Tod von Personen sowie f\u00fcr Sachsch\u00e4den, die sich aus dem Besitz, der Nutzung oder der Lagerung des Materials ergeben.<br>Point break haftet nicht f\u00fcr Personen- oder Sachsch\u00e4den, die durch den Gebrauch oder Missbrauch des Mietmaterials verursacht werden (Artikel 1383 und 1384 des B\u00fcrgerlichen Gesetzbuches).<br>Im gesetzlich maximal zul\u00e4ssigen Umfang wird der Kunde Point Break f\u00fcr jeden Verlust oder jede Besch\u00e4digung des Materials entsch\u00e4digen, sowie f\u00fcr jeden\/jede Verlust, Besch\u00e4digung, Forderung, Ausgabe, Schaden, Kosten oder Klage, die direkt oder indirekt aus der Verf\u00fcgung, Nutzung und Lagerung des Materials resultieren k\u00f6nnten.<\/p>\n\n\n\n<blockquote class=\"wp-block-quote is-layout-flow wp-block-quote-is-layout-flow\">\n<p><strong>Bitte sp\u00fclen Sie die Surfbretter nach der Benutzung des Materials ab, um den Sand zu entfernen.<\/strong><br><strong>Die Nutzung der Duschen ist ausschlie\u00dflich dem Unterricht vorbehalten.<\/strong><\/p>\n<\/blockquote>\n\n\n\n<h3 class=\"wp-block-heading\">BEI R\u00dcCKGABE EINES BESCH\u00c4DIGTEN BRETTS<\/h3>\n\n\n\n<ul class=\"wp-block-list\">\n<li>Ein Stern, ein leichter Kratzer oder eine abnormale Vertiefung (Rail, Nose, Tail...):&nbsp;<strong>15\u20ac<\/strong><\/li>\n\n\n\n<li>F\u00fcr Harzbretter, die Wasser ziehen,<br>Infiltration weniger als 3 cm:&nbsp;<strong>30\u20ac<\/strong><\/li>\n\n\n\n<li>Infiltration von mehr als 5 cm, Flossenschlag<br>oder Begegnung mit einem anderen Brett:&nbsp;<strong>45\u20ac<\/strong><\/li>\n\n\n\n<li>F\u00fcr die Bretter bic jegliches Eindringen von Wasser:&nbsp;<strong>380\u20ac&nbsp;<\/strong><\/li>\n\n\n\n<li>Abgerissenes oder gebrochenes Schwert:&nbsp;<strong>15\u20ac<\/strong>&nbsp;(das Driften)<\/li>\n\n\n\n<li>Abgerissener Querruderplug:&nbsp;<strong>30\u20ac<\/strong>&nbsp;(nach Plug)<\/li>\n\n\n\n<li>Zerbrochenes Brett:&nbsp;<strong>Preis f\u00fcr ein Brett<\/strong><\/li>\n<\/ul>\n<\/div><\/div>\n\n\n<style>.kadence-column679_2abd63-8f > .kt-inside-inner-col,.kadence-column679_2abd63-8f > .kt-inside-inner-col:before{border-top-left-radius:0px;border-top-right-radius:0px;border-bottom-right-radius:0px;border-bottom-left-radius:0px;}.kadence-column679_2abd63-8f > .kt-inside-inner-col{column-gap:var(--global-kb-gap-sm, 1rem);}.kadence-column679_2abd63-8f > .kt-inside-inner-col{flex-direction:column;}.kadence-column679_2abd63-8f > .kt-inside-inner-col > .aligncenter{width:100%;}.kadence-column679_2abd63-8f > .kt-inside-inner-col:before{opacity:0.3;}.kadence-column679_2abd63-8f{position:relative;}@media all and (max-width: 1024px){.kadence-column679_2abd63-8f > .kt-inside-inner-col{flex-direction:column;justify-content:center;}}@media all and (max-width: 767px){.kadence-column679_2abd63-8f > .kt-inside-inner-col{flex-direction:column;justify-content:center;}}<\/style>\n<div class=\"wp-block-kadence-column kadence-column679_2abd63-8f\"><div class=\"kt-inside-inner-col\"><\/div><\/div>\n\n<\/div><\/div>","protected":false},"excerpt":{"rendered":"<p>Mietbedingungen 1. Angemessene Nutzung und Eigentum des Materials Der Kunde muss das Material auf geschickte und angemessene Weise f\u00fcr den beabsichtigten Zweck und in der vom Hersteller empfohlenen Weise nutzen und erkennt an, dass das Material Eigentum von Point Break bleibt. W\u00e4hrend der Mietdauer darf der Kunde Break Point weder verkaufen, vermieten, verleasen, noch in ein anderes Land bringen.<\/p>","protected":false},"author":1,"featured_media":0,"parent":149,"menu_order":0,"comment_status":"closed","ping_status":"closed","template":"","meta":{"_acf_changed":false,"_kad_blocks_custom_css":"","_kad_blocks_head_custom_js":"","_kad_blocks_body_custom_js":"","_kad_blocks_footer_custom_js":"","_kad_post_transparent":"","_kad_post_title":"","_kad_post_layout":"","_kad_post_sidebar_id":"","_kad_post_content_style":"","_kad_post_vertical_padding":"","_kad_post_feature":"","_kad_post_feature_position":"","_kad_post_header":false,"_kad_post_footer":false,"_kad_post_classname":"","footnotes":""},"class_list":["post-679","page","type-page","status-publish","hentry"],"acf":[],"taxonomy_info":[],"featured_image_src_large":false,"author_info":{"display_name":"001wm","author_link":"https:\/\/surfbiscarrosse.com\/de\/author\/001wm\/"},"comment_info":"","_links":{"self":[{"href":"https:\/\/surfbiscarrosse.com\/de\/wp-json\/wp\/v2\/pages\/679","targetHints":{"allow":["GET"]}}],"collection":[{"href":"https:\/\/surfbiscarrosse.com\/de\/wp-json\/wp\/v2\/pages"}],"about":[{"href":"https:\/\/surfbiscarrosse.com\/de\/wp-json\/wp\/v2\/types\/page"}],"author":[{"embeddable":true,"href":"https:\/\/surfbiscarrosse.com\/de\/wp-json\/wp\/v2\/users\/1"}],"replies":[{"embeddable":true,"href":"https:\/\/surfbiscarrosse.com\/de\/wp-json\/wp\/v2\/comments?post=679"}],"version-history":[{"count":0,"href":"https:\/\/surfbiscarrosse.com\/de\/wp-json\/wp\/v2\/pages\/679\/revisions"}],"up":[{"embeddable":true,"href":"https:\/\/surfbiscarrosse.com\/de\/wp-json\/wp\/v2\/pages\/149"}],"wp:attachment":[{"href":"https:\/\/surfbiscarrosse.com\/de\/wp-json\/wp\/v2\/media?parent=679"}],"curies":[{"name":"wp","href":"https:\/\/api.w.org\/{rel}","templated":true}]}}