{"id":587,"date":"2025-07-29T19:48:03","date_gmt":"2025-07-29T17:48:03","guid":{"rendered":"https:\/\/surfbiscarrosse.com\/?page_id=587"},"modified":"2026-04-03T13:56:22","modified_gmt":"2026-04-03T11:56:22","slug":"surf-equipment-rental","status":"publish","type":"page","link":"https:\/\/surfbiscarrosse.com\/en\/location-de-materiel-de-surf\/","title":{"rendered":"Surf equipment rental"},"content":{"rendered":"<style>.kb-row-layout-id587_80db3b-e8 > .kt-row-column-wrap{align-content:start;}:where(.kb-row-layout-id587_80db3b-e8 > .kt-row-column-wrap) > .wp-block-kadence-column{justify-content:start;}.kb-row-layout-id587_80db3b-e8 > .kt-row-column-wrap{column-gap:var(--global-kb-gap-md, 2rem);row-gap:var(--global-kb-gap-md, 2rem);padding-top:var(--global-kb-spacing-sm, 1.5rem);padding-bottom:var(--global-kb-spacing-sm, 1.5rem);grid-template-columns:minmax(0, 1fr);}.kb-row-layout-id587_80db3b-e8 > .kt-row-layout-overlay{opacity:0.30;}@media all and (max-width: 1024px){.kb-row-layout-id587_80db3b-e8 > .kt-row-column-wrap{grid-template-columns:minmax(0, 1fr);}}@media all and (max-width: 767px){.kb-row-layout-id587_80db3b-e8 > .kt-row-column-wrap{grid-template-columns:minmax(0, 1fr);}}<\/style><div class=\"kb-row-layout-wrap kb-row-layout-id587_80db3b-e8 alignfull wp-block-kadence-rowlayout\"><div class=\"kt-row-column-wrap kt-has-1-columns kt-row-layout-equal kt-tab-layout-inherit kt-mobile-layout-row kt-row-valign-top\">\n<style>.kadence-column587_9aa9dd-35 > .kt-inside-inner-col{padding-top:0px;}.kadence-column587_9aa9dd-35 > .kt-inside-inner-col,.kadence-column587_9aa9dd-35 > .kt-inside-inner-col:before{border-top-left-radius:0px;border-top-right-radius:0px;border-bottom-right-radius:0px;border-bottom-left-radius:0px;}.kadence-column587_9aa9dd-35 > .kt-inside-inner-col{column-gap:var(--global-kb-gap-sm, 1rem);}.kadence-column587_9aa9dd-35 > .kt-inside-inner-col{flex-direction:column;}.kadence-column587_9aa9dd-35 > .kt-inside-inner-col > .aligncenter{width:100%;}.kadence-column587_9aa9dd-35 > .kt-inside-inner-col:before{opacity:0.3;}.kadence-column587_9aa9dd-35{position:relative;}@media all and (max-width: 1024px){.kadence-column587_9aa9dd-35 > .kt-inside-inner-col{flex-direction:column;justify-content:center;}}@media all and (max-width: 767px){.kadence-column587_9aa9dd-35 > .kt-inside-inner-col{flex-direction:column;justify-content:center;}}<\/style>\n<div class=\"wp-block-kadence-column kadence-column587_9aa9dd-35\"><div class=\"kt-inside-inner-col\"><style>.kb-advanced-slider-587_704a8c-d7 .kb-slider-size-fixed .kb-advanced-slide-inner-wrap{min-height:500px;}.kb-advanced-slider-587_704a8c-d7 .kb-slider-pause-button{color:#fff;background-color:rgba(0, 0, 0, 0.8);border:1px solid transparent;}@media all and (max-width: 767px){.kb-advanced-slider-587_704a8c-d7 .kb-slider-size-fixed .kb-advanced-slide-inner-wrap{min-height:310px;}}<\/style><div class=\"kb-advanced-slider kb-advanced-slider-587_704a8c-d7 alignfull wp-block-kadence-slider\"><div class=\"kb-advanced-slider-inner-contain kb-adv-slider-html-version-2\"><div class=\"kb-blocks-advanced-carousel kt-blocks-carousel kt-carousel-container-dotstyle-dark\"><div class=\"kb-blocks-advanced-slider-init kb-slider-loading kb-blocks-slider kt-carousel-arrowstyle-whiteondark kt-carousel-dotstyle-dark kb-slider-size-fixed kb-slider-type-slider kb-slider-ratio-12-5 kb-slider-group-arrow kb-slider-arrow-position-center kb-slider-tab-ratio-inherit kb-slider-mobile-ratio-inherit splide kb-splide  kb-slider-version-2\" aria-label=\"Slider content\" data-slider-center-mode=\"true\" data-slider-type=\"slider\" data-loop-type=\"loop\" data-columns-xxl=\"3\" data-columns-xl=\"3\" data-columns-md=\"3\" data-columns-sm=\"2\" data-columns-xs=\"1\" data-columns-ss=\"1\" data-slider-anim-speed=\"400\" data-slider-scroll=\"1\" data-slider-fade=\"true\" data-slider-arrows=\"true\" data-slider-dots=\"true\" data-slider-hover-pause=\"false\" data-slider-auto=\"true\"  data-dragging=\"true\" data-slider-speed=\"7000\" data-slider-gap=\"30\" data-slider-gap-tablet=\"30\" data-slider-gap-mobile=\"30\" data-slider-gap-unit=\"px\"><div class=\"splide__track\"><ul class=\"splide__list\">\n\n<li class=\"wp-block-kadence-slide kb-advanced-slide-item kb-slide-587_62a045-71\"><div class=\"kb-advanced-slide\"><div class=\"kb-advanced-slide-inner-wrap\"><div class=\"kb-advanced-slide-inner\"><\/div><\/div><\/div><\/li>\n\n<\/ul><\/div><\/div><\/div><\/div><\/div><\/div><\/div>\n\n<\/div><\/div>\n\n<style>.kb-row-layout-id587_aa23fc-80 > .kt-row-column-wrap{align-content:start;}:where(.kb-row-layout-id587_aa23fc-80 > .kt-row-column-wrap) > .wp-block-kadence-column{justify-content:start;}.kb-row-layout-id587_aa23fc-80 > .kt-row-column-wrap{column-gap:var(--global-kb-gap-md, 2rem);row-gap:var(--global-kb-gap-md, 2rem);padding-bottom:var(--global-kb-spacing-sm, 1.5rem);grid-template-columns:minmax(0, 1fr);}.kb-row-layout-id587_aa23fc-80 > .kt-row-layout-overlay{opacity:0.30;}@media all and (max-width: 1024px){.kb-row-layout-id587_aa23fc-80 > .kt-row-column-wrap{grid-template-columns:minmax(0, 1fr);}}@media all and (max-width: 767px){.kb-row-layout-id587_aa23fc-80 > .kt-row-column-wrap{grid-template-columns:minmax(0, 1fr);}}<\/style><div class=\"kb-row-layout-wrap kb-row-layout-id587_aa23fc-80 alignnone wp-block-kadence-rowlayout\"><div class=\"kt-row-column-wrap kt-has-1-columns kt-row-layout-equal kt-tab-layout-inherit kt-mobile-layout-row kt-row-valign-top\">\n<style>.kadence-column587_d1ef5b-7e > .kt-inside-inner-col,.kadence-column587_d1ef5b-7e > .kt-inside-inner-col:before{border-top-left-radius:0px;border-top-right-radius:0px;border-bottom-right-radius:0px;border-bottom-left-radius:0px;}.kadence-column587_d1ef5b-7e > .kt-inside-inner-col{column-gap:var(--global-kb-gap-sm, 1rem);}.kadence-column587_d1ef5b-7e > .kt-inside-inner-col{flex-direction:column;}.kadence-column587_d1ef5b-7e > .kt-inside-inner-col > .aligncenter{width:100%;}.kadence-column587_d1ef5b-7e > .kt-inside-inner-col:before{opacity:0.3;}.kadence-column587_d1ef5b-7e{position:relative;}@media all and (max-width: 1024px){.kadence-column587_d1ef5b-7e > .kt-inside-inner-col{flex-direction:column;justify-content:center;}}@media all and (max-width: 767px){.kadence-column587_d1ef5b-7e > .kt-inside-inner-col{flex-direction:column;justify-content:center;}}<\/style>\n<div class=\"wp-block-kadence-column kadence-column587_d1ef5b-7e\"><div class=\"kt-inside-inner-col\">\n<div class=\"wp-block-group\"><div class=\"wp-block-group__inner-container is-layout-constrained wp-block-group-is-layout-constrained\"><style>.wp-block-kadence-advancedheading.kt-adv-heading587_9bbfa4-16, .wp-block-kadence-advancedheading.kt-adv-heading587_9bbfa4-16[data-kb-block=\"kb-adv-heading587_9bbfa4-16\"]{font-size:var(--global-kb-font-size-xxl, 4rem);line-height:1;font-style:normal;}.wp-block-kadence-advancedheading.kt-adv-heading587_9bbfa4-16, .wp-block-kadence-advancedheading.kt-adv-heading587_9bbfa4-16[data-kb-block=\"kb-adv-heading587_9bbfa4-16\"] .kb-adv-text-inner{background-image:linear-gradient(135deg,var(--global-palette1) 0%,var(--global-palette2) 100%);background-clip:text;-webkit-box-decoration-break:clone;box-decoration-break:clone;-webkit-background-clip:text;-webkit-text-fill-color:transparent;}.wp-block-kadence-advancedheading.kt-adv-heading587_9bbfa4-16 mark.kt-highlight, .wp-block-kadence-advancedheading.kt-adv-heading587_9bbfa4-16[data-kb-block=\"kb-adv-heading587_9bbfa4-16\"] mark.kt-highlight{font-style:normal;-webkit-text-fill-color:initial !important;-webkit-background-clip:initial !important;background-clip:initial !important;color:#f76a0c;-webkit-box-decoration-break:clone;box-decoration-break:clone;padding-top:0px;padding-right:0px;padding-bottom:0px;padding-left:0px;}.wp-block-kadence-advancedheading.kt-adv-heading587_9bbfa4-16 img.kb-inline-image, .wp-block-kadence-advancedheading.kt-adv-heading587_9bbfa4-16[data-kb-block=\"kb-adv-heading587_9bbfa4-16\"] img.kb-inline-image{width:150px;vertical-align:baseline;}<\/style><h1 class=\"kt-adv-heading587_9bbfa4-16 wp-block-kadence-advancedheading\" data-kb-block=\"kb-adv-heading587_9bbfa4-16\"><span class=\"kb-adv-text-inner\">Location de mat\u00e9riel de surf<\/span><\/h1>\n\n\n<p>L\u2019\u00e9cole de surf Point Break vous propose \u00e0 Biscarrosse un large choix de planches \u00e0 la location.<\/p>\n\n\n\n<p>Venez pratiquer le surf \u00e0 Biscarrosse sur nos magnifiques plages landaises avec du mat\u00e9riel dernier cri, tous nos planches sont adapt\u00e9es \u00e0 tous les niveaux et pour tous les \u00e2ges.<\/p>\n\n\n\n<p>Des planches en mousse de marque&nbsp;<strong>Softech<\/strong>&nbsp;vous permettent de d\u00e9buter en toute s\u00e9curit\u00e9, afin de progresser avec des planches \u00e9volutives nous mettons \u00e0 votre disposition les marques&nbsp;<strong>Torq<\/strong>,&nbsp;<strong>Bic<\/strong>&nbsp;et&nbsp;<strong>Surfactory<\/strong>.<br>Fish, mini malibu, longboard ou shortboard, vous trouverez&nbsp;<strong>VOTRE<\/strong>&nbsp;planche.<\/p>\n\n\n\n<p><strong>+ de 200 combinaisons O\u2019Neill<\/strong>&nbsp;sont disponibles \u00e0 la location pour toutes les saisons, des shortys pour l\u2019\u00e9t\u00e9 aux int\u00e9grales 3\u20192, ainsi que des 5\u20194 pour les plus frileux.<\/p>\n\n\n\n<h5 class=\"wp-block-heading\">Avantages de la location:<\/h5>\n\n\n\n<ul class=\"wp-block-list\">\n<li>Profitez des&nbsp;<strong>conseils d\u2019un professionnel<\/strong>&nbsp;et d\u2019un&nbsp;<strong>mat\u00e9riel renouvel\u00e9<\/strong>&nbsp;r\u00e9guli\u00e8rement<\/li>\n\n\n\n<li>Voyagez&nbsp;<strong>l\u00e9ger<\/strong><\/li>\n\n\n\n<li>Changez de planches pendant votre s\u00e9jour selon les conditions ou au gr\u00e9 de&nbsp;<strong>vos envies<\/strong>.<\/li>\n<\/ul>\n\n\n\n<p><strong>N\u2019attendez plus et venez glisser la vague landaise !!<\/strong><\/p>\n\n\n\n<p>R\u00e9servations&nbsp;<strong><a href=\"https:\/\/surfbiscarrosse.com\/#contact\">en ligne<\/a><\/strong>&nbsp;ou au&nbsp;<a href=\"https:\/\/web.archive.org\/web\/20250624184941\/tel:06.20.83.49.20\" target=\"_blank\" rel=\"noopener\">06.20.83.49.20<\/a><\/p>\n\n\n\n<p><a href=\"https:\/\/surfbiscarrosse.com\/mentions-legales\/conditions-de-location\/\" data-type=\"page\" data-id=\"679\">Conditions de location<\/a><\/p>\n\n\n\n<p><a href=\"https:\/\/surfbiscarrosse.com\/regles-de-securite\/\">R\u00e8gles de s\u00e9curit\u00e9<\/a><\/p>\n\n\n\n<p><a href=\"https:\/\/web.archive.org\/web\/20250624184941\/https:\/\/surfbiscarrosse.com\/wp-content\/uploads\/sites\/6\/2019\/02\/3e517857-ed76-48b0-81c4-6ef4d38ce4c4-dc4cb04-1030x439.jpeg\"><\/a><\/p>\n\n\n\n<figure class=\"wp-block-table\"><table class=\"has-fixed-layout\"><thead><tr><th>\u2193&nbsp;<strong>MAT\u00c9RIEL \u2013 DUR\u00c9E<\/strong>&nbsp;\u2192<\/th><th>2h<\/th><th>4h<\/th><th>1j<\/th><th>5j<\/th><\/tr><\/thead><tbody><tr><td>Planche de surf mousse<\/td><td>15<\/td><td>20<\/td><td>30<\/td><td>120<\/td><\/tr><tr><td>Planche de surf r\u00e9sine&nbsp;<\/td><td>15<\/td><td>20<\/td><td>30<\/td><td>120<\/td><\/tr><tr><td>Bodyboard<\/td><td>10<\/td><td>15<\/td><td>20<\/td><td>90<\/td><\/tr><tr><td>Palmes<\/td><td>4<\/td><td>5<\/td><td>6<\/td><td>28<\/td><\/tr><tr><td>Combinaison<\/td><td>7<\/td><td>10<\/td><td>15<\/td><td>65<\/td><\/tr><\/tbody><\/table><\/figure>\n\n\n\n<p>h = heure \u2013 j = journ\u00e9e \u2013 prix en Euros \u20ac<\/p>\n\n\n\n<ul class=\"wp-block-list\">\n<li>Une pi\u00e8ce d\u2019identit\u00e9 est n\u00e9cessaire pour toute location, merci de votre compr\u00e9hension.<\/li>\n\n\n\n<li>N\u2019h\u00e9sitez pas \u00e0 nous contacter pour plus de renseignements.<\/li>\n<\/ul>\n<\/div><\/div>\n<\/div><\/div>\n\n<\/div><\/div>","protected":false},"excerpt":{"rendered":"<p>Surf equipment rental The Point Break surf school in Biscarrosse offers a wide range of surfboards for hire. Come and practice surfing in Biscarrosse on our magnificent Landes beaches with the latest equipment, all our boards are suitable for all levels and ages. Surfboards in...<\/p>","protected":false},"author":1,"featured_media":498,"parent":0,"menu_order":0,"comment_status":"closed","ping_status":"closed","template":"","meta":{"_acf_changed":false,"_kad_blocks_custom_css":"","_kad_blocks_head_custom_js":"","_kad_blocks_body_custom_js":"","_kad_blocks_footer_custom_js":"","_kad_post_transparent":"","_kad_post_title":"hide","_kad_post_layout":"narrow","_kad_post_sidebar_id":"","_kad_post_content_style":"unboxed","_kad_post_vertical_padding":"hide","_kad_post_feature":"default","_kad_post_feature_position":"above","_kad_post_header":false,"_kad_post_footer":false,"_kad_post_classname":"","footnotes":""},"class_list":["post-587","page","type-page","status-publish","has-post-thumbnail","hentry"],"acf":[],"taxonomy_info":[],"featured_image_src_large":["https:\/\/surfbiscarrosse.com\/wp-content\/uploads\/sites\/10\/2025\/07\/NAS0807-1024x683.jpg",1024,683,true],"author_info":{"display_name":"001wm","author_link":"https:\/\/surfbiscarrosse.com\/en\/author\/001wm\/"},"comment_info":"","_links":{"self":[{"href":"https:\/\/surfbiscarrosse.com\/en\/wp-json\/wp\/v2\/pages\/587","targetHints":{"allow":["GET"]}}],"collection":[{"href":"https:\/\/surfbiscarrosse.com\/en\/wp-json\/wp\/v2\/pages"}],"about":[{"href":"https:\/\/surfbiscarrosse.com\/en\/wp-json\/wp\/v2\/types\/page"}],"author":[{"embeddable":true,"href":"https:\/\/surfbiscarrosse.com\/en\/wp-json\/wp\/v2\/users\/1"}],"replies":[{"embeddable":true,"href":"https:\/\/surfbiscarrosse.com\/en\/wp-json\/wp\/v2\/comments?post=587"}],"version-history":[{"count":0,"href":"https:\/\/surfbiscarrosse.com\/en\/wp-json\/wp\/v2\/pages\/587\/revisions"}],"wp:featuredmedia":[{"embeddable":true,"href":"https:\/\/surfbiscarrosse.com\/en\/wp-json\/wp\/v2\/media\/498"}],"wp:attachment":[{"href":"https:\/\/surfbiscarrosse.com\/en\/wp-json\/wp\/v2\/media?parent=587"}],"curies":[{"name":"wp","href":"https:\/\/api.w.org\/{rel}","templated":true}]}}