{"id":676,"date":"2025-07-30T18:17:35","date_gmt":"2025-07-30T16:17:35","guid":{"rendered":"https:\/\/surfbiscarrosse.com\/?page_id=676"},"modified":"2025-08-02T11:24:49","modified_gmt":"2025-08-02T09:24:49","slug":"safety-rules","status":"publish","type":"page","link":"https:\/\/surfbiscarrosse.com\/en\/regles-de-securite\/","title":{"rendered":"Safety rules"},"content":{"rendered":"<style>.kb-row-layout-id676_93de07-84 > .kt-row-column-wrap{align-content:start;}:where(.kb-row-layout-id676_93de07-84 > .kt-row-column-wrap) > .wp-block-kadence-column{justify-content:start;}.kb-row-layout-id676_93de07-84 > .kt-row-column-wrap{column-gap:var(--global-kb-gap-md, 2rem);row-gap:var(--global-kb-gap-md, 2rem);max-width:var( --global-content-width, 1250px );padding-left:var(--global-content-edge-padding);padding-right:var(--global-content-edge-padding);padding-top:var(--global-kb-spacing-sm, 1.5rem);padding-bottom:var(--global-kb-spacing-sm, 1.5rem);}.kb-row-layout-id676_93de07-84 > .kt-row-column-wrap > div:not(.added-for-specificity){grid-column:initial;}.kb-row-layout-id676_93de07-84 > .kt-row-column-wrap{grid-template-columns:minmax(0, 1fr) minmax(0, 3fr) minmax(0, 1fr);}.kb-row-layout-id676_93de07-84 > .kt-row-layout-overlay{opacity:0.30;}@media all and (max-width: 1024px){.kb-row-layout-id676_93de07-84 > .kt-row-column-wrap > div:not(.added-for-specificity){grid-column:initial;}}@media all and (max-width: 1024px){.kb-row-layout-id676_93de07-84 > .kt-row-column-wrap{grid-template-columns:minmax(0, 1fr) minmax(0, 3fr) minmax(0, 1fr);}}@media all and (max-width: 767px){.kb-row-layout-id676_93de07-84 > .kt-row-column-wrap > div:not(.added-for-specificity){grid-column:initial;}.kb-row-layout-id676_93de07-84 > .kt-row-column-wrap{grid-template-columns:minmax(0, 1fr);}}<\/style><div class=\"kb-row-layout-wrap kb-row-layout-id676_93de07-84 alignnone wp-block-kadence-rowlayout\"><div class=\"kt-row-column-wrap kt-has-3-columns kt-row-layout-center-wide kt-tab-layout-inherit kt-mobile-layout-row kt-row-valign-top kb-theme-content-width\">\n<style>.kadence-column676_b612ac-2b > .kt-inside-inner-col,.kadence-column676_b612ac-2b > .kt-inside-inner-col:before{border-top-left-radius:0px;border-top-right-radius:0px;border-bottom-right-radius:0px;border-bottom-left-radius:0px;}.kadence-column676_b612ac-2b > .kt-inside-inner-col{column-gap:var(--global-kb-gap-sm, 1rem);}.kadence-column676_b612ac-2b > .kt-inside-inner-col{flex-direction:column;}.kadence-column676_b612ac-2b > .kt-inside-inner-col > .aligncenter{width:100%;}.kadence-column676_b612ac-2b > .kt-inside-inner-col:before{opacity:0.3;}.kadence-column676_b612ac-2b{position:relative;}@media all and (max-width: 1024px){.kadence-column676_b612ac-2b > .kt-inside-inner-col{flex-direction:column;justify-content:center;}}@media all and (max-width: 767px){.kadence-column676_b612ac-2b > .kt-inside-inner-col{flex-direction:column;justify-content:center;}}<\/style>\n<div class=\"wp-block-kadence-column kadence-column676_b612ac-2b\"><div class=\"kt-inside-inner-col\"><\/div><\/div>\n\n\n<style>.kadence-column676_52457b-81 > .kt-inside-inner-col,.kadence-column676_52457b-81 > .kt-inside-inner-col:before{border-top-left-radius:0px;border-top-right-radius:0px;border-bottom-right-radius:0px;border-bottom-left-radius:0px;}.kadence-column676_52457b-81 > .kt-inside-inner-col{column-gap:var(--global-kb-gap-sm, 1rem);}.kadence-column676_52457b-81 > .kt-inside-inner-col{flex-direction:column;}.kadence-column676_52457b-81 > .kt-inside-inner-col > .aligncenter{width:100%;}.kadence-column676_52457b-81 > .kt-inside-inner-col:before{opacity:0.3;}.kadence-column676_52457b-81{position:relative;}@media all and (max-width: 1024px){.kadence-column676_52457b-81 > .kt-inside-inner-col{flex-direction:column;justify-content:center;}}@media all and (max-width: 767px){.kadence-column676_52457b-81 > .kt-inside-inner-col{flex-direction:column;justify-content:center;}}<\/style>\n<div class=\"wp-block-kadence-column kadence-column676_52457b-81\"><div class=\"kt-inside-inner-col\">\n<h1 class=\"wp-block-heading\">5 RULES FOR SAFE SURFING<\/h1>\n\n\n\n<h3 class=\"wp-block-heading\"><strong>1 \/ Surf at your level<\/strong><\/h3>\n\n\n\n<p><strong>ARE YOU A BEGINNER?<\/strong><\/p>\n\n\n\n<ul class=\"wp-block-list\">\n<li>Stay in the foam or small waves<\/li>\n\n\n\n<li>Use a foam board<\/li>\n\n\n\n<li>Don't surf the edge rollers<\/li>\n\n\n\n<li>Protect your head in the event of a fall<\/li>\n<\/ul>\n\n\n\n<h3 class=\"wp-block-heading\"><strong>2\/ Don't panic if you get caught in the current<\/strong><\/h3>\n\n\n\n<ul class=\"wp-block-list\">\n<li>Don't try to get back to the beach<\/li>\n\n\n\n<li>Stay on your board<\/li>\n\n\n\n<li>Waves arms to alert emergency services<\/li>\n<\/ul>\n\n\n\n<h3 class=\"wp-block-heading\"><strong>3\/ Smart surfing<\/strong><\/h3>\n\n\n\n<ul class=\"wp-block-list\">\n<li>Choose waves suited to your level<\/li>\n\n\n\n<li>Choose uncrowded spots<\/li>\n\n\n\n<li>Never surf in stormy weather<\/li>\n\n\n\n<li>Protect yourself from the sun<\/li>\n\n\n\n<li>Use sunscreen<\/li>\n<\/ul>\n\n\n\n<h3 class=\"wp-block-heading\"><strong>4\/ Respect bathing areas<\/strong><\/h3>\n\n\n\n<h3 class=\"wp-block-heading\"><strong>5\/ Respect the rules of priority and conviviality<\/strong><\/h3>\n\n\n\n<ul class=\"wp-block-list\">\n<li>Basic rule: 1 wave, 1 surfer<\/li>\n\n\n\n<li>The surfer furthest inside the breaker has priority<\/li>\n\n\n\n<li>Don't ride a wave if there's someone ahead<\/li>\n\n\n\n<li>Don't let go of your board by making \"ducks\"!<\/li>\n\n\n\n<li>Avoid collisions, get around the breakers and out to sea.<\/li>\n<\/ul>\n\n\n\n<hr class=\"wp-block-separator has-alpha-channel-opacity\" \/>\n\n\n\n<p><em>Published by the French Surfing Federation<\/em><\/p>\n<\/div><\/div>\n\n\n<style>.kadence-column676_e0afa3-f6 > .kt-inside-inner-col,.kadence-column676_e0afa3-f6 > .kt-inside-inner-col:before{border-top-left-radius:0px;border-top-right-radius:0px;border-bottom-right-radius:0px;border-bottom-left-radius:0px;}.kadence-column676_e0afa3-f6 > .kt-inside-inner-col{column-gap:var(--global-kb-gap-sm, 1rem);}.kadence-column676_e0afa3-f6 > .kt-inside-inner-col{flex-direction:column;}.kadence-column676_e0afa3-f6 > .kt-inside-inner-col > .aligncenter{width:100%;}.kadence-column676_e0afa3-f6 > .kt-inside-inner-col:before{opacity:0.3;}.kadence-column676_e0afa3-f6{position:relative;}@media all and (max-width: 1024px){.kadence-column676_e0afa3-f6 > .kt-inside-inner-col{flex-direction:column;justify-content:center;}}@media all and (max-width: 767px){.kadence-column676_e0afa3-f6 > .kt-inside-inner-col{flex-direction:column;justify-content:center;}}<\/style>\n<div class=\"wp-block-kadence-column kadence-column676_e0afa3-f6\"><div class=\"kt-inside-inner-col\"><\/div><\/div>\n\n<\/div><\/div>","protected":false},"excerpt":{"rendered":"<p>5 RULES FOR SAFE SURFING 1 \/ Surf at your level ARE YOU A BEGINNER? 2\/ Don't panic if you get caught in the current 3\/ Surf smart 4\/ Respect the swimming areas 5\/ Respect the rules of priority and friendliness Document published by the F\u00e9d\u00e9ration Fran\u00e7aise de Surf.<\/p>","protected":false},"author":1,"featured_media":0,"parent":0,"menu_order":0,"comment_status":"closed","ping_status":"closed","template":"","meta":{"_acf_changed":false,"_kad_blocks_custom_css":"","_kad_blocks_head_custom_js":"","_kad_blocks_body_custom_js":"","_kad_blocks_footer_custom_js":"","_kad_post_transparent":"","_kad_post_title":"","_kad_post_layout":"","_kad_post_sidebar_id":"","_kad_post_content_style":"","_kad_post_vertical_padding":"","_kad_post_feature":"","_kad_post_feature_position":"","_kad_post_header":false,"_kad_post_footer":false,"_kad_post_classname":"","footnotes":""},"class_list":["post-676","page","type-page","status-publish","hentry"],"acf":[],"taxonomy_info":[],"featured_image_src_large":false,"author_info":{"display_name":"001wm","author_link":"https:\/\/surfbiscarrosse.com\/en\/author\/001wm\/"},"comment_info":"","_links":{"self":[{"href":"https:\/\/surfbiscarrosse.com\/en\/wp-json\/wp\/v2\/pages\/676","targetHints":{"allow":["GET"]}}],"collection":[{"href":"https:\/\/surfbiscarrosse.com\/en\/wp-json\/wp\/v2\/pages"}],"about":[{"href":"https:\/\/surfbiscarrosse.com\/en\/wp-json\/wp\/v2\/types\/page"}],"author":[{"embeddable":true,"href":"https:\/\/surfbiscarrosse.com\/en\/wp-json\/wp\/v2\/users\/1"}],"replies":[{"embeddable":true,"href":"https:\/\/surfbiscarrosse.com\/en\/wp-json\/wp\/v2\/comments?post=676"}],"version-history":[{"count":0,"href":"https:\/\/surfbiscarrosse.com\/en\/wp-json\/wp\/v2\/pages\/676\/revisions"}],"wp:attachment":[{"href":"https:\/\/surfbiscarrosse.com\/en\/wp-json\/wp\/v2\/media?parent=676"}],"curies":[{"name":"wp","href":"https:\/\/api.w.org\/{rel}","templated":true}]}}